{"id":22347,"date":"2024-03-17T16:51:04","date_gmt":"2024-03-17T16:51:04","guid":{"rendered":"https:\/\/brunavasconcelos.pt\/?post_type=product&#038;p=22347"},"modified":"2024-03-17T16:57:34","modified_gmt":"2024-03-17T16:57:34","slug":"toucado-bloom","status":"publish","type":"product","link":"https:\/\/brunavasconcelos.pt\/es\/product\/toucado-bloom\/","title":{"rendered":"Tocado Bloom"},"content":{"rendered":"<p>Bloom y un tocado de bronce chapado en oro de 24 quilates con perlas de agua dulce que contrastan con el discreto brillo de las circonitas incoloras y el oro de las hojas de eucalipto beb\u00e9 y la flor central<\/p>\n<p>Aproximadamente 15 cm de largo<\/p>\n<p>Sujeta con un travesa\u00f1o<\/p>\n<p>Plazo medio de entrega de 15 d\u00edas laborables<\/p>\n<p>Todos los accesorios para el cabello se a\u00f1aden a petici\u00f3n del cliente, que puede variar en funci\u00f3n del peinado. Todas las piezas se pueden personalizar y hacer por encargo, los tocados son \u00fanicos e irrepetibles.<\/p>\n<p>Si desea m\u00e1s informaci\u00f3n, p\u00f3ngase en contacto con nosotros en geral@bvjewellery.pt<\/p>\n<p>No aceptamos cambios ni devoluciones de estos art\u00edculos.<\/p>\n<p>&nbsp;<\/p>\n<p>&nbsp;<\/p>","protected":false},"excerpt":{"rendered":"<p>Bloom y un tocado de bronce chapado en oro de 24 quilates con perlas de agua dulce que contrastan con el discreto brillo de las circonitas incoloras y el oro de las hojas de eucalipto beb\u00e9 y la flor central<\/p>\n<p>Aproximadamente 15 cm de largo<\/p>\n<p>Sujeta con un travesa\u00f1o<\/p>\n<p>Plazo medio de entrega de 15 d\u00edas laborables<\/p>\n<p>Todos los accesorios para el cabello se a\u00f1aden a petici\u00f3n del cliente, que puede variar en funci\u00f3n del peinado. Todas las piezas se pueden personalizar y hacer por encargo, los tocados son \u00fanicos e irrepetibles.<\/p>\n<p>Si desea m\u00e1s informaci\u00f3n, p\u00f3ngase en contacto con nosotros en geral@bvjewellery.pt<\/p>\n<p>No aceptamos cambios ni devoluciones de estos art\u00edculos.<\/p>\n<p>&nbsp;<\/p>\n<p>&nbsp;<\/p>","protected":false},"featured_media":22281,"template":"","meta":[],"product_brand":[],"product_cat":[246,231,232,247],"product_tag":[219,249,225,248],"class_list":{"0":"post-22347","1":"product","2":"type-product","3":"status-publish","4":"has-post-thumbnail","6":"product_cat-bride","7":"product_cat-colecoes","8":"product_cat-joias","9":"product_cat-toucados","10":"product_tag-cerimonia","11":"product_tag-noiva","12":"product_tag-perolas","13":"product_tag-toucado","15":"first","16":"instock","17":"featured","18":"taxable","19":"shipping-taxable","20":"purchasable","21":"product-type-simple"},"aioseo_notices":[],"jetpack_sharing_enabled":true,"_links":{"self":[{"href":"https:\/\/brunavasconcelos.pt\/es\/wp-json\/wp\/v2\/product\/22347","targetHints":{"allow":["GET"]}}],"collection":[{"href":"https:\/\/brunavasconcelos.pt\/es\/wp-json\/wp\/v2\/product"}],"about":[{"href":"https:\/\/brunavasconcelos.pt\/es\/wp-json\/wp\/v2\/types\/product"}],"wp:featuredmedia":[{"embeddable":true,"href":"https:\/\/brunavasconcelos.pt\/es\/wp-json\/wp\/v2\/media\/22281"}],"wp:attachment":[{"href":"https:\/\/brunavasconcelos.pt\/es\/wp-json\/wp\/v2\/media?parent=22347"}],"wp:term":[{"taxonomy":"product_brand","embeddable":true,"href":"https:\/\/brunavasconcelos.pt\/es\/wp-json\/wp\/v2\/product_brand?post=22347"},{"taxonomy":"product_cat","embeddable":true,"href":"https:\/\/brunavasconcelos.pt\/es\/wp-json\/wp\/v2\/product_cat?post=22347"},{"taxonomy":"product_tag","embeddable":true,"href":"https:\/\/brunavasconcelos.pt\/es\/wp-json\/wp\/v2\/product_tag?post=22347"}],"curies":[{"name":"wp","href":"https:\/\/api.w.org\/{rel}","templated":true}]}}